{"id":2165,"date":"2020-03-21T14:40:41","date_gmt":"2020-03-21T13:40:41","guid":{"rendered":"http:\/\/localhost:90\/?page_id=2165"},"modified":"2021-05-26T20:08:26","modified_gmt":"2021-05-26T18:08:26","slug":"kontakt","status":"publish","type":"page","link":"https:\/\/www.taskcontrol.cz\/en\/kontakt\/","title":{"rendered":"Kontakt"},"content":{"rendered":"<p>[vc_row][vc_column]<h1 style=\"text-align: center\">CONTACT US<\/h1><div class=\"clearfix margin_top8\"><\/div>[\/vc_column][\/vc_row][vc_row][vc_column][vc_row_inner][vc_column_inner width=&#8221;1\/12&#8243; css=&#8221;.vc_custom_1617439143059{margin-right: 50px !important;}&#8221;][vc_single_image image=&#8221;2971&#8243; style=&#8221;vc_box_circle&#8221;][\/vc_column_inner][vc_column_inner width=&#8221;9\/12&#8243;][vc_column_text]<\/p>\n<h4 class=\"sitecolor\" style=\"text-align: left;\"><strong><span style=\"color: #ff6600;\">Kamil Kov\u00e1\u0159<br \/>\n<\/span><\/strong><span style=\"color: #808080; font-size: 0.9em;\">Business Consultant<\/span><br \/>\n<a href=\"mailto:kamil.kovar@orbit.cz\">kamil.kovar@orbit.cz<\/a><\/h4>\n<p>[\/vc_column_text][\/vc_column_inner][\/vc_row_inner]<div class=\"clearfix margin_top8\"><\/div>[\/vc_column][\/vc_row][vc_row][vc_column width=&#8221;2\/3&#8243; el_class=&#8221;two_third&#8221;][vc_raw_html title=&#8221;Contact us&#8221;]JTVCY29udGFjdC1mb3JtLTclMjBpZCUzRCUyMjMxMTclMjIlMjB0aXRsZSUzRCUyMiUzQWNzQ29udGFjdCUyMGZvcm0lMjBDWiUzQWVuS09OVEFLVCUyMFRhc2tjb250cm9sJTIwRU4lM0ElMjIlNUQ=[\/vc_raw_html]<div class=\"clearfix margin_top1\"><\/div>[\/vc_column][vc_column width=&#8221;1\/3&#8243; el_class=&#8221;one_third last&#8221;][vc_row_inner][vc_column_inner width=&#8221;1\/2&#8243;]<h3>Prague office<\/h3>[vc_column_text]<strong>ORBIT s.r.o.<\/strong><br \/>\nNa Schodech 65\/1<br \/>\n130 00 Prague \u2013 \u017di\u017ekov<br \/>\nCzech Republic<\/p>\n<p>Tel: +420 272 701 345<br \/>\nE-mail:\u00a0<a href=\"mailto:office@orbit.cz\">office@orbit.cz<\/a>[\/vc_column_text][\/vc_column_inner][vc_column_inner width=&#8221;1\/2&#8243;]<h3>Company headquarters<\/h3>[vc_column_text]<strong>ORBIT s.r.o.<\/strong><br \/>\nOl\u0161ansk\u00e1 2643\/1a,<br \/>\n130 00 Prague 3 \u2013 \u017di\u017ekov<br \/>\nCzech Republic[\/vc_column_text][\/vc_column_inner][\/vc_row_inner][vc_column_text]Company ID No.: 166 28 110<br \/>\nTaxation ID No.: CZ16628110<br \/>\n<a href=\"https:\/\/www.orbit.cz\/\" target=\"_blank\" rel=\"noopener noreferrer\">orbit.cz<\/a><\/p>\n<p><strong>Banking contact<br \/>\n<\/strong>Bank: KB Praha<br \/>\nAccount number: 86-6325320237\/0100<br \/>\nSWIFT CODE: KOMBCZPP<br \/>\nIBAN: CZ6101000000866325320237<\/p>\n<p><em>The company is listed in the Register of Companies kept by the Prague Municipal Court, section C, insert 156620<\/em>[\/vc_column_text][\/vc_column][\/vc_row][vc_row][vc_column][vc_gmaps link=&#8221;#E-8_JTNDaWZyYW1lJTIwc3JjJTNEJTIyaHR0cHMlM0ElMkYlMkZ3d3cuZ29vZ2xlLmNvbSUyRm1hcHMlMkZlbWJlZCUzRnBiJTNEJTIxMW0xOCUyMTFtMTIlMjExbTMlMjExZDI1NjEuOTI5ODQ4NzYzOTg0NCUyMTJkMTQuNDUwMzA2NjE1OTMzNTU2JTIxM2Q1MC4wNTAxNDU0MjQwMDgxNCUyMTJtMyUyMTFmMCUyMTJmMCUyMTNmMCUyMTNtMiUyMTFpMTAyNCUyMTJpNzY4JTIxNGYxMy4xJTIxM20zJTIxMW0yJTIxMXMweDQ3MGI5MzhkZGI1YjY5NWQlMjUzQTB4ZDQ2MWY4OGIyNWQ4MGU0NSUyMTJzT1JCSVQlMkJzLiUyQnIuJTJCby4lMjE1ZTAlMjEzbTIlMjExc2NzJTIxMnNjeiUyMTR2MTU2MzgwMTk0NDA5MCUyMTVtMiUyMTFzY3MlMjEyc2N6JTIyJTIwd2lkdGglM0QlMjI2MDAlMjIlMjBoZWlnaHQlM0QlMjI0NTAlMjIlMjBmcmFtZWJvcmRlciUzRCUyMjAlMjIlMjBzdHlsZSUzRCUyMmJvcmRlciUzQTAlMjIlMjBhbGxvd2Z1bGxzY3JlZW4lM0UlM0MlMkZpZnJhbWUlM0U=&#8221; size=&#8221;450&#8243; css=&#8221;.vc_custom_1587480041416{background-color: #ffffff !important;}&#8221;][\/vc_column][\/vc_row]<\/p>\n","protected":false},"excerpt":{"rendered":"<p>[vc_row][vc_column][\/vc_column][\/vc_row][vc_row][vc_column][vc_row_inner][vc_column_inner width=&#8221;1\/12&#8243; css=&#8221;.vc_custom_1617439143059{margin-right: 50px !important;}&#8221;][vc_single_image image=&#8221;2971&#8243; style=&#8221;vc_box_circle&#8221;][\/vc_column_inner][vc_column_inner width=&#8221;9\/12&#8243;][vc_column_text] Kamil Kov\u00e1\u0159 Business Consultant kamil.kovar@orbit.cz [\/vc_column_text][\/vc_column_inner][\/vc_row_inner][\/vc_column][\/vc_row][vc_row][vc_column width=&#8221;2\/3&#8243; el_class=&#8221;two_third&#8221;][vc_raw_html title=&#8221;Contact us&#8221;]JTVCY29udGFjdC1mb3JtLTclMjBpZCUzRCUyMjMxMTclMjIlMjB0aXRsZSUzRCUyMiUzQWNzQ29udGFjdCUyMGZvcm0lMjBDWiUzQWVuS09OVEFLVCUyMFRhc2tjb250cm9sJTIwRU4lM0ElMjIlNUQ=[\/vc_raw_html][\/vc_column][vc_column width=&#8221;1\/3&#8243; el_class=&#8221;one_third last&#8221;][vc_row_inner][vc_column_inner width=&#8221;1\/2&#8243;][vc_column_text]ORBIT s.r.o. Na Schodech 65\/1 130 00 Prague \u2013 \u017di\u017ekov Czech Republic Tel: +420 272 701 345 E-mail:\u00a0office@orbit.cz[\/vc_column_text][\/vc_column_inner][vc_column_inner width=&#8221;1\/2&#8243;][vc_column_text]ORBIT s.r.o. Ol\u0161ansk\u00e1 2643\/1a, 130 00 Prague 3 \u2013 \u017di\u017ekov Czech Republic[\/vc_column_text][\/vc_column_inner][\/vc_row_inner][vc_column_text]Company ID No.: 166 28 [&hellip;]<\/p>\n","protected":false},"author":1,"featured_media":0,"parent":0,"menu_order":0,"comment_status":"closed","ping_status":"closed","template":"","meta":{"inline_featured_image":false},"yoast_head":"<!-- This site is optimized with the Yoast SEO plugin v19.12 - https:\/\/yoast.com\/wordpress\/plugins\/seo\/ -->\r\n<title>Kontakt | TaskControl<\/title>\r\n<meta name=\"description\" content=\"Lubo\u0161 Urban\u010dok: lubos@taskcontrol.cz | Kamil Kov\u00e1\u0159: kamil.kovar@orbit.cz | ORBIT s.r.o.: Na Schodech 65\/1 130 00 Praha | +420 727 850 588\" \/>\r\n<meta name=\"robots\" content=\"index, follow, max-snippet:-1, max-image-preview:large, max-video-preview:-1\" \/>\r\n<link rel=\"canonical\" href=\"https:\/\/taskcontrol.cz\/kontakt\/\" \/>\r\n<meta property=\"og:locale\" content=\"en_US\" \/>\r\n<meta property=\"og:locale:alternate\" content=\"cs_CZ\" \/>\r\n<meta property=\"og:type\" content=\"article\" \/>\r\n<meta property=\"og:title\" content=\"Kontakt | TaskControl\" \/>\r\n<meta property=\"og:description\" content=\"Lubo\u0161 Urban\u010dok: lubos@taskcontrol.cz | Kamil Kov\u00e1\u0159: kamil.kovar@orbit.cz | ORBIT s.r.o.: Na Schodech 65\/1 130 00 Praha | +420 727 850 588\" \/>\r\n<meta property=\"og:url\" content=\"https:\/\/www.taskcontrol.cz\/en\/kontakt\/\" \/>\r\n<meta property=\"og:site_name\" content=\"TaskControl\" \/>\r\n<meta property=\"article:modified_time\" content=\"2021-05-26T18:08:26+00:00\" \/>\r\n<meta name=\"twitter:card\" content=\"summary_large_image\" \/>\r\n<meta name=\"twitter:label1\" content=\"Est. reading time\" \/>\n\t<meta name=\"twitter:data1\" content=\"1 minute\" \/>\r\n<script type=\"application\/ld+json\" class=\"yoast-schema-graph\">{\"@context\":\"https:\/\/schema.org\",\"@graph\":[{\"@type\":\"WebPage\",\"@id\":\"https:\/\/taskcontrol.cz\/kontakt\/\",\"url\":\"https:\/\/taskcontrol.cz\/kontakt\/\",\"name\":\"Kontakt | TaskControl\",\"isPartOf\":{\"@id\":\"https:\/\/taskcontrol.cz\/#website\"},\"datePublished\":\"2020-03-21T13:40:41+00:00\",\"dateModified\":\"2021-05-26T18:08:26+00:00\",\"description\":\"Lubo\u0161 Urban\u010dok: lubos@taskcontrol.cz | Kamil Kov\u00e1\u0159: kamil.kovar@orbit.cz | ORBIT s.r.o.: Na Schodech 65\/1 130 00 Praha | +420 727 850 588\",\"breadcrumb\":{\"@id\":\"https:\/\/taskcontrol.cz\/kontakt\/#breadcrumb\"},\"inLanguage\":\"en-US\",\"potentialAction\":[{\"@type\":\"ReadAction\",\"target\":[\"https:\/\/taskcontrol.cz\/kontakt\/\"]}]},{\"@type\":\"BreadcrumbList\",\"@id\":\"https:\/\/taskcontrol.cz\/kontakt\/#breadcrumb\",\"itemListElement\":[{\"@type\":\"ListItem\",\"position\":1,\"name\":\"Dom\u016f\",\"item\":\"https:\/\/taskcontrol.cz\/\"},{\"@type\":\"ListItem\",\"position\":2,\"name\":\"Kontakt\"}]},{\"@type\":\"WebSite\",\"@id\":\"https:\/\/taskcontrol.cz\/#website\",\"url\":\"https:\/\/taskcontrol.cz\/\",\"name\":\"TaskControl\",\"description\":\"Automatizujte koordinaci aktivit\",\"publisher\":{\"@id\":\"https:\/\/taskcontrol.cz\/#organization\"},\"potentialAction\":[{\"@type\":\"SearchAction\",\"target\":{\"@type\":\"EntryPoint\",\"urlTemplate\":\"https:\/\/taskcontrol.cz\/?s={search_term_string}\"},\"query-input\":\"required name=search_term_string\"}],\"inLanguage\":\"en-US\"},{\"@type\":\"Organization\",\"@id\":\"https:\/\/taskcontrol.cz\/#organization\",\"name\":\"ORBIT s.r.o.\",\"url\":\"https:\/\/taskcontrol.cz\/\",\"logo\":{\"@type\":\"ImageObject\",\"inLanguage\":\"en-US\",\"@id\":\"https:\/\/taskcontrol.cz\/#\/schema\/logo\/image\/\",\"url\":\"https:\/\/taskcontrol.cz\/wp-content\/uploads\/2020\/05\/ORBITlogo.png\",\"contentUrl\":\"https:\/\/taskcontrol.cz\/wp-content\/uploads\/2020\/05\/ORBITlogo.png\",\"width\":200,\"height\":200,\"caption\":\"ORBIT s.r.o.\"},\"image\":{\"@id\":\"https:\/\/taskcontrol.cz\/#\/schema\/logo\/image\/\"},\"sameAs\":[\"https:\/\/www.linkedin.com\/company\/orbit\"]}]}<\/script>\r\n<!-- \/ Yoast SEO plugin. -->","yoast_head_json":{"title":"Kontakt | TaskControl","description":"Lubo\u0161 Urban\u010dok: lubos@taskcontrol.cz | Kamil Kov\u00e1\u0159: kamil.kovar@orbit.cz | ORBIT s.r.o.: Na Schodech 65\/1 130 00 Praha | +420 727 850 588","robots":{"index":"index","follow":"follow","max-snippet":"max-snippet:-1","max-image-preview":"max-image-preview:large","max-video-preview":"max-video-preview:-1"},"canonical":"https:\/\/taskcontrol.cz\/kontakt\/","og_locale":"en_US","og_type":"article","og_title":"Kontakt | TaskControl","og_description":"Lubo\u0161 Urban\u010dok: lubos@taskcontrol.cz | Kamil Kov\u00e1\u0159: kamil.kovar@orbit.cz | ORBIT s.r.o.: Na Schodech 65\/1 130 00 Praha | +420 727 850 588","og_url":"https:\/\/www.taskcontrol.cz\/en\/kontakt\/","og_site_name":"TaskControl","article_modified_time":"2021-05-26T18:08:26+00:00","twitter_card":"summary_large_image","twitter_misc":{"Est. reading time":"1 minute"},"schema":{"@context":"https:\/\/schema.org","@graph":[{"@type":"WebPage","@id":"https:\/\/taskcontrol.cz\/kontakt\/","url":"https:\/\/taskcontrol.cz\/kontakt\/","name":"Kontakt | TaskControl","isPartOf":{"@id":"https:\/\/taskcontrol.cz\/#website"},"datePublished":"2020-03-21T13:40:41+00:00","dateModified":"2021-05-26T18:08:26+00:00","description":"Lubo\u0161 Urban\u010dok: lubos@taskcontrol.cz | Kamil Kov\u00e1\u0159: kamil.kovar@orbit.cz | ORBIT s.r.o.: Na Schodech 65\/1 130 00 Praha | +420 727 850 588","breadcrumb":{"@id":"https:\/\/taskcontrol.cz\/kontakt\/#breadcrumb"},"inLanguage":"en-US","potentialAction":[{"@type":"ReadAction","target":["https:\/\/taskcontrol.cz\/kontakt\/"]}]},{"@type":"BreadcrumbList","@id":"https:\/\/taskcontrol.cz\/kontakt\/#breadcrumb","itemListElement":[{"@type":"ListItem","position":1,"name":"Dom\u016f","item":"https:\/\/taskcontrol.cz\/"},{"@type":"ListItem","position":2,"name":"Kontakt"}]},{"@type":"WebSite","@id":"https:\/\/taskcontrol.cz\/#website","url":"https:\/\/taskcontrol.cz\/","name":"TaskControl","description":"Automatizujte koordinaci aktivit","publisher":{"@id":"https:\/\/taskcontrol.cz\/#organization"},"potentialAction":[{"@type":"SearchAction","target":{"@type":"EntryPoint","urlTemplate":"https:\/\/taskcontrol.cz\/?s={search_term_string}"},"query-input":"required name=search_term_string"}],"inLanguage":"en-US"},{"@type":"Organization","@id":"https:\/\/taskcontrol.cz\/#organization","name":"ORBIT s.r.o.","url":"https:\/\/taskcontrol.cz\/","logo":{"@type":"ImageObject","inLanguage":"en-US","@id":"https:\/\/taskcontrol.cz\/#\/schema\/logo\/image\/","url":"https:\/\/taskcontrol.cz\/wp-content\/uploads\/2020\/05\/ORBITlogo.png","contentUrl":"https:\/\/taskcontrol.cz\/wp-content\/uploads\/2020\/05\/ORBITlogo.png","width":200,"height":200,"caption":"ORBIT s.r.o."},"image":{"@id":"https:\/\/taskcontrol.cz\/#\/schema\/logo\/image\/"},"sameAs":["https:\/\/www.linkedin.com\/company\/orbit"]}]}},"_links":{"self":[{"href":"https:\/\/www.taskcontrol.cz\/en\/wp-json\/wp\/v2\/pages\/2165"}],"collection":[{"href":"https:\/\/www.taskcontrol.cz\/en\/wp-json\/wp\/v2\/pages"}],"about":[{"href":"https:\/\/www.taskcontrol.cz\/en\/wp-json\/wp\/v2\/types\/page"}],"author":[{"embeddable":true,"href":"https:\/\/www.taskcontrol.cz\/en\/wp-json\/wp\/v2\/users\/1"}],"replies":[{"embeddable":true,"href":"https:\/\/www.taskcontrol.cz\/en\/wp-json\/wp\/v2\/comments?post=2165"}],"version-history":[{"count":0,"href":"https:\/\/www.taskcontrol.cz\/en\/wp-json\/wp\/v2\/pages\/2165\/revisions"}],"wp:attachment":[{"href":"https:\/\/www.taskcontrol.cz\/en\/wp-json\/wp\/v2\/media?parent=2165"}],"curies":[{"name":"wp","href":"https:\/\/api.w.org\/{rel}","templated":true}]}}